{"id":22,"date":"2018-01-07T20:47:05","date_gmt":"2018-01-07T20:47:05","guid":{"rendered":"http:\/\/corgis-aus-kirchhellen.de\/?page_id=22"},"modified":"2018-01-13T19:12:33","modified_gmt":"2018-01-13T19:12:33","slug":"ueber-uns","status":"publish","type":"page","link":"http:\/\/corgis-aus-kirchhellen.de\/?page_id=22","title":{"rendered":"\u00dcber uns"},"content":{"rendered":"ngg_shortcode_0_placeholder\n<p>&#8222;Wir, die Familie L\u00fcger, wohnen im l\u00e4ndlichen Bottrop Kirchhellen, an der Grenze des n\u00f6rdlichen Ruhrgebietes und des M\u00fcnsterlandes.<\/p>\n<p>Wir z\u00fcchten bereits seit \u00fcber 30 Jahren Norfolk und Norwich Terrier im VDH. Vor f\u00fcnf Jahren sind wir durch eine befreundete Z\u00fcchterin auf die Welsh Corgi Pembrokes gesto\u00dfen.<\/p>\n<p>Auf Grund ihrer freundlichen, verspielten und liebenswerten Art dauerte es nicht lange und wir durften den ersten Corgi Welpen in unserer Familie begr\u00fc\u00dfen.<\/p>\n<p>Gerne d\u00fcrfen Sie uns nach terminlicher Absprache besuchen, um uns und unsere Hunde kennen zu lernen.&#8220;Wir z\u00fcchten im Club f\u00fcr britische H\u00fctehunde und sind dar\u00fcber Mitglied im VDH und FCI.<\/p>\n<p><img decoding=\"async\" width=\"87\" height=\"57\" class=\"alignnone wp-image-151\" alt=\"\" src=\"http:\/\/corgis-aus-kirchhellen.de\/wp-content\/uploads\/2018\/01\/fci-logo-300x196.jpg\" srcset=\"http:\/\/corgis-aus-kirchhellen.de\/wp-content\/uploads\/2018\/01\/fci-logo-300x196.jpg 300w, http:\/\/corgis-aus-kirchhellen.de\/wp-content\/uploads\/2018\/01\/fci-logo.jpg 767w\" sizes=\"(max-width: 87px) 100vw, 87px\" \/> <img decoding=\"async\" width=\"59\" height=\"59\" class=\"alignnone wp-image-152\" alt=\"\" src=\"http:\/\/corgis-aus-kirchhellen.de\/wp-content\/uploads\/2018\/01\/Logo_cfbrh_2013_842x842-300x300.gif\" srcset=\"http:\/\/corgis-aus-kirchhellen.de\/wp-content\/uploads\/2018\/01\/Logo_cfbrh_2013_842x842-300x300.gif 300w, http:\/\/corgis-aus-kirchhellen.de\/wp-content\/uploads\/2018\/01\/Logo_cfbrh_2013_842x842-150x150.gif 150w, http:\/\/corgis-aus-kirchhellen.de\/wp-content\/uploads\/2018\/01\/Logo_cfbrh_2013_842x842-768x768.gif 768w\" sizes=\"(max-width: 59px) 100vw, 59px\" \/> <img decoding=\"async\" width=\"188\" height=\"73\" class=\"alignnone wp-image-153\" alt=\"\" src=\"http:\/\/corgis-aus-kirchhellen.de\/wp-content\/uploads\/2018\/01\/VDH_Logo.png\"><\/p>\n","protected":false},"excerpt":{"rendered":"<p>&#8220; order_by=&#8220;sortorder&#8220; order_direction=&#8220;ASC&#8220; returns=&#8220;included&#8220; maximum_entity_count=&#8220;500&#8243;] &#8222;Wir, die Familie L\u00fcger, wohnen im l\u00e4ndlichen Bottrop Kirchhellen, an der Grenze des n\u00f6rdlichen Ruhrgebietes und des M\u00fcnsterlandes. Wir z\u00fcchten bereits seit \u00fcber 30 Jahren Norfolk und Norwich Terrier im VDH. Vor f\u00fcnf Jahren sind wir durch eine befreundete Z\u00fcchterin auf die Welsh Corgi Pembrokes gesto\u00dfen. Auf Grund ihrer freundlichen, &hellip; <a href=\"http:\/\/corgis-aus-kirchhellen.de\/?page_id=22\" class=\"more-link\"><span class=\"screen-reader-text\">\u00dcber uns<\/span> weiterlesen<\/a><\/p>\n","protected":false},"author":1,"featured_media":0,"parent":0,"menu_order":0,"comment_status":"closed","ping_status":"closed","template":"","meta":{"ngg_post_thumbnail":0,"footnotes":""},"class_list":["post-22","page","type-page","status-publish","hentry"],"yoast_head":"<!-- This site is optimized with the Yoast SEO plugin v26.1.1 - https:\/\/yoast.com\/wordpress\/plugins\/seo\/ -->\n<title>\u00dcber uns - Corgis aus Kirchhellen<\/title>\n<meta name=\"robots\" content=\"index, follow, max-snippet:-1, max-image-preview:large, max-video-preview:-1\" \/>\n<link rel=\"canonical\" href=\"https:\/\/corgis-aus-kirchhellen.de\/?page_id=22\" \/>\n<meta property=\"og:locale\" content=\"de_DE\" \/>\n<meta property=\"og:type\" content=\"article\" \/>\n<meta property=\"og:title\" content=\"\u00dcber uns - Corgis aus Kirchhellen\" \/>\n<meta property=\"og:description\" content=\"&#8220; order_by=&#8220;sortorder&#8220; order_direction=&#8220;ASC&#8220; returns=&#8220;included&#8220; maximum_entity_count=&#8220;500&#8243;] &#8222;Wir, die Familie L\u00fcger, wohnen im l\u00e4ndlichen Bottrop Kirchhellen, an der Grenze des n\u00f6rdlichen Ruhrgebietes und des M\u00fcnsterlandes. Wir z\u00fcchten bereits seit \u00fcber 30 Jahren Norfolk und Norwich Terrier im VDH. Vor f\u00fcnf Jahren sind wir durch eine befreundete Z\u00fcchterin auf die Welsh Corgi Pembrokes gesto\u00dfen. Auf Grund ihrer freundlichen, &hellip; \u00dcber uns weiterlesen\" \/>\n<meta property=\"og:url\" content=\"https:\/\/corgis-aus-kirchhellen.de\/?page_id=22\" \/>\n<meta property=\"og:site_name\" content=\"Corgis aus Kirchhellen\" \/>\n<meta property=\"article:modified_time\" content=\"2018-01-13T19:12:33+00:00\" \/>\n<meta property=\"og:image\" content=\"http:\/\/corgis-aus-kirchhellen.de\/wp-content\/uploads\/2018\/01\/fci-logo-300x196.jpg\" \/>\n<meta name=\"twitter:card\" content=\"summary_large_image\" \/>\n<meta name=\"twitter:label1\" content=\"Gesch\u00e4tzte Lesezeit\" \/>\n\t<meta name=\"twitter:data1\" content=\"1\u00a0Minute\" \/>\n<script type=\"application\/ld+json\" class=\"yoast-schema-graph\">{\"@context\":\"https:\/\/schema.org\",\"@graph\":[{\"@type\":\"WebPage\",\"@id\":\"https:\/\/corgis-aus-kirchhellen.de\/?page_id=22\",\"url\":\"https:\/\/corgis-aus-kirchhellen.de\/?page_id=22\",\"name\":\"\u00dcber uns - Corgis aus Kirchhellen\",\"isPartOf\":{\"@id\":\"https:\/\/corgis-aus-kirchhellen.de\/#website\"},\"primaryImageOfPage\":{\"@id\":\"https:\/\/corgis-aus-kirchhellen.de\/?page_id=22#primaryimage\"},\"image\":{\"@id\":\"https:\/\/corgis-aus-kirchhellen.de\/?page_id=22#primaryimage\"},\"thumbnailUrl\":\"http:\/\/corgis-aus-kirchhellen.de\/wp-content\/uploads\/2018\/01\/fci-logo-300x196.jpg\",\"datePublished\":\"2018-01-07T20:47:05+00:00\",\"dateModified\":\"2018-01-13T19:12:33+00:00\",\"breadcrumb\":{\"@id\":\"https:\/\/corgis-aus-kirchhellen.de\/?page_id=22#breadcrumb\"},\"inLanguage\":\"de\",\"potentialAction\":[{\"@type\":\"ReadAction\",\"target\":[\"https:\/\/corgis-aus-kirchhellen.de\/?page_id=22\"]}]},{\"@type\":\"ImageObject\",\"inLanguage\":\"de\",\"@id\":\"https:\/\/corgis-aus-kirchhellen.de\/?page_id=22#primaryimage\",\"url\":\"http:\/\/corgis-aus-kirchhellen.de\/wp-content\/uploads\/2018\/01\/fci-logo.jpg\",\"contentUrl\":\"http:\/\/corgis-aus-kirchhellen.de\/wp-content\/uploads\/2018\/01\/fci-logo.jpg\",\"width\":767,\"height\":500},{\"@type\":\"BreadcrumbList\",\"@id\":\"https:\/\/corgis-aus-kirchhellen.de\/?page_id=22#breadcrumb\",\"itemListElement\":[{\"@type\":\"ListItem\",\"position\":1,\"name\":\"Startseite\",\"item\":\"http:\/\/corgis-aus-kirchhellen.de\/\"},{\"@type\":\"ListItem\",\"position\":2,\"name\":\"\u00dcber uns\"}]},{\"@type\":\"WebSite\",\"@id\":\"https:\/\/corgis-aus-kirchhellen.de\/#website\",\"url\":\"https:\/\/corgis-aus-kirchhellen.de\/\",\"name\":\"Corgis aus Kirchhellen\",\"description\":\"Pembroke Welsh Corgi Zucht\",\"publisher\":{\"@id\":\"https:\/\/corgis-aus-kirchhellen.de\/#organization\"},\"potentialAction\":[{\"@type\":\"SearchAction\",\"target\":{\"@type\":\"EntryPoint\",\"urlTemplate\":\"https:\/\/corgis-aus-kirchhellen.de\/?s={search_term_string}\"},\"query-input\":{\"@type\":\"PropertyValueSpecification\",\"valueRequired\":true,\"valueName\":\"search_term_string\"}}],\"inLanguage\":\"de\"},{\"@type\":\"Organization\",\"@id\":\"https:\/\/corgis-aus-kirchhellen.de\/#organization\",\"name\":\"Corgis aus Kirchhellen\",\"url\":\"https:\/\/corgis-aus-kirchhellen.de\/\",\"logo\":{\"@type\":\"ImageObject\",\"inLanguage\":\"de\",\"@id\":\"https:\/\/corgis-aus-kirchhellen.de\/#\/schema\/logo\/image\/\",\"url\":\"http:\/\/corgis-aus-kirchhellen.de\/wp-content\/uploads\/2020\/02\/cropped-23A2521-2_web-1.jpg\",\"contentUrl\":\"http:\/\/corgis-aus-kirchhellen.de\/wp-content\/uploads\/2020\/02\/cropped-23A2521-2_web-1.jpg\",\"width\":248,\"height\":298,\"caption\":\"Corgis aus Kirchhellen\"},\"image\":{\"@id\":\"https:\/\/corgis-aus-kirchhellen.de\/#\/schema\/logo\/image\/\"}}]}<\/script>\n<!-- \/ Yoast SEO plugin. -->","yoast_head_json":{"title":"\u00dcber uns - Corgis aus Kirchhellen","robots":{"index":"index","follow":"follow","max-snippet":"max-snippet:-1","max-image-preview":"max-image-preview:large","max-video-preview":"max-video-preview:-1"},"canonical":"https:\/\/corgis-aus-kirchhellen.de\/?page_id=22","og_locale":"de_DE","og_type":"article","og_title":"\u00dcber uns - Corgis aus Kirchhellen","og_description":"&#8220; order_by=&#8220;sortorder&#8220; order_direction=&#8220;ASC&#8220; returns=&#8220;included&#8220; maximum_entity_count=&#8220;500&#8243;] &#8222;Wir, die Familie L\u00fcger, wohnen im l\u00e4ndlichen Bottrop Kirchhellen, an der Grenze des n\u00f6rdlichen Ruhrgebietes und des M\u00fcnsterlandes. Wir z\u00fcchten bereits seit \u00fcber 30 Jahren Norfolk und Norwich Terrier im VDH. Vor f\u00fcnf Jahren sind wir durch eine befreundete Z\u00fcchterin auf die Welsh Corgi Pembrokes gesto\u00dfen. Auf Grund ihrer freundlichen, &hellip; \u00dcber uns weiterlesen","og_url":"https:\/\/corgis-aus-kirchhellen.de\/?page_id=22","og_site_name":"Corgis aus Kirchhellen","article_modified_time":"2018-01-13T19:12:33+00:00","og_image":[{"url":"http:\/\/corgis-aus-kirchhellen.de\/wp-content\/uploads\/2018\/01\/fci-logo-300x196.jpg","type":"","width":"","height":""}],"twitter_card":"summary_large_image","twitter_misc":{"Gesch\u00e4tzte Lesezeit":"1\u00a0Minute"},"schema":{"@context":"https:\/\/schema.org","@graph":[{"@type":"WebPage","@id":"https:\/\/corgis-aus-kirchhellen.de\/?page_id=22","url":"https:\/\/corgis-aus-kirchhellen.de\/?page_id=22","name":"\u00dcber uns - Corgis aus Kirchhellen","isPartOf":{"@id":"https:\/\/corgis-aus-kirchhellen.de\/#website"},"primaryImageOfPage":{"@id":"https:\/\/corgis-aus-kirchhellen.de\/?page_id=22#primaryimage"},"image":{"@id":"https:\/\/corgis-aus-kirchhellen.de\/?page_id=22#primaryimage"},"thumbnailUrl":"http:\/\/corgis-aus-kirchhellen.de\/wp-content\/uploads\/2018\/01\/fci-logo-300x196.jpg","datePublished":"2018-01-07T20:47:05+00:00","dateModified":"2018-01-13T19:12:33+00:00","breadcrumb":{"@id":"https:\/\/corgis-aus-kirchhellen.de\/?page_id=22#breadcrumb"},"inLanguage":"de","potentialAction":[{"@type":"ReadAction","target":["https:\/\/corgis-aus-kirchhellen.de\/?page_id=22"]}]},{"@type":"ImageObject","inLanguage":"de","@id":"https:\/\/corgis-aus-kirchhellen.de\/?page_id=22#primaryimage","url":"http:\/\/corgis-aus-kirchhellen.de\/wp-content\/uploads\/2018\/01\/fci-logo.jpg","contentUrl":"http:\/\/corgis-aus-kirchhellen.de\/wp-content\/uploads\/2018\/01\/fci-logo.jpg","width":767,"height":500},{"@type":"BreadcrumbList","@id":"https:\/\/corgis-aus-kirchhellen.de\/?page_id=22#breadcrumb","itemListElement":[{"@type":"ListItem","position":1,"name":"Startseite","item":"http:\/\/corgis-aus-kirchhellen.de\/"},{"@type":"ListItem","position":2,"name":"\u00dcber uns"}]},{"@type":"WebSite","@id":"https:\/\/corgis-aus-kirchhellen.de\/#website","url":"https:\/\/corgis-aus-kirchhellen.de\/","name":"Corgis aus Kirchhellen","description":"Pembroke Welsh Corgi Zucht","publisher":{"@id":"https:\/\/corgis-aus-kirchhellen.de\/#organization"},"potentialAction":[{"@type":"SearchAction","target":{"@type":"EntryPoint","urlTemplate":"https:\/\/corgis-aus-kirchhellen.de\/?s={search_term_string}"},"query-input":{"@type":"PropertyValueSpecification","valueRequired":true,"valueName":"search_term_string"}}],"inLanguage":"de"},{"@type":"Organization","@id":"https:\/\/corgis-aus-kirchhellen.de\/#organization","name":"Corgis aus Kirchhellen","url":"https:\/\/corgis-aus-kirchhellen.de\/","logo":{"@type":"ImageObject","inLanguage":"de","@id":"https:\/\/corgis-aus-kirchhellen.de\/#\/schema\/logo\/image\/","url":"http:\/\/corgis-aus-kirchhellen.de\/wp-content\/uploads\/2020\/02\/cropped-23A2521-2_web-1.jpg","contentUrl":"http:\/\/corgis-aus-kirchhellen.de\/wp-content\/uploads\/2020\/02\/cropped-23A2521-2_web-1.jpg","width":248,"height":298,"caption":"Corgis aus Kirchhellen"},"image":{"@id":"https:\/\/corgis-aus-kirchhellen.de\/#\/schema\/logo\/image\/"}}]}},"_links":{"self":[{"href":"http:\/\/corgis-aus-kirchhellen.de\/index.php?rest_route=\/wp\/v2\/pages\/22","targetHints":{"allow":["GET"]}}],"collection":[{"href":"http:\/\/corgis-aus-kirchhellen.de\/index.php?rest_route=\/wp\/v2\/pages"}],"about":[{"href":"http:\/\/corgis-aus-kirchhellen.de\/index.php?rest_route=\/wp\/v2\/types\/page"}],"author":[{"embeddable":true,"href":"http:\/\/corgis-aus-kirchhellen.de\/index.php?rest_route=\/wp\/v2\/users\/1"}],"replies":[{"embeddable":true,"href":"http:\/\/corgis-aus-kirchhellen.de\/index.php?rest_route=%2Fwp%2Fv2%2Fcomments&post=22"}],"version-history":[{"count":8,"href":"http:\/\/corgis-aus-kirchhellen.de\/index.php?rest_route=\/wp\/v2\/pages\/22\/revisions"}],"predecessor-version":[{"id":257,"href":"http:\/\/corgis-aus-kirchhellen.de\/index.php?rest_route=\/wp\/v2\/pages\/22\/revisions\/257"}],"wp:attachment":[{"href":"http:\/\/corgis-aus-kirchhellen.de\/index.php?rest_route=%2Fwp%2Fv2%2Fmedia&parent=22"}],"curies":[{"name":"wp","href":"https:\/\/api.w.org\/{rel}","templated":true}]}}